{"id":4580,"date":"2022-05-19T09:03:23","date_gmt":"2022-05-19T16:03:23","guid":{"rendered":"http:\/\/34.163.142.2\/paneles-murales-metalicos\/"},"modified":"2025-09-24T08:53:56","modified_gmt":"2025-09-24T15:53:56","slug":"paneles-murales-metalicos","status":"publish","type":"page","link":"https:\/\/westernbuildinggroup.com\/es\/servicios\/paneles-murales-metalicos\/","title":{"rendered":"Paneles murales met\u00e1licos"},"content":{"rendered":"<p>[et_pb_section fb_built=\u00bb1&#8243; fullwidth=\u00bbon\u00bb admin_label=\u00bbHero\u00bb module_class=\u00bbhero-sm\u00bb _builder_version=\u00bb4.17.4&#8243; _module_preset=\u00bbdefault\u00bb box_shadow_style=\u00bbpreset2&#8243; global_colors_info=\u00bb{}\u00bb][et_pb_fullwidth_slider show_arrows=\u00bboff\u00bb show_arrows_tablet=\u00bboff\u00bb show_arrows_phone=\u00bboff\u00bb show_arrows_last_edited=\u00bbon|phone\u00bb _builder_version=\u00bb4.24.0&#8243; _module_preset=\u00bbdefault\u00bb background_image=\u00bbhttp:\/\/wbgroup.wpengine.com\/wp-content\/uploads\/2018\/11\/slideroverlay2.png\u00bb text_orientation=\u00bbleft\u00bb animation_style=\u00bbfade\u00bb auto=\u00bbon\u00bb auto_speed=\u00bb5000&#8243; hover_enabled=\u00bb0&#8243; custom_css_slide_description=\u00bbanimation-name: none;\u00bb custom_css_slide_title=\u00bbanimation-name: none;\u00bb custom_css_slide_button=\u00bbanimation-name: none;\u00bb header_text_shadow_style=\u00bbpreset4&#8243; global_colors_info=\u00bb{}\u00bb sticky_enabled=\u00bb0&#8243;][et_pb_slide heading=\u00bbPaneles murales met\u00e1licos\u00bb _builder_version=\u00bb4.24.0&#8243; _module_preset=\u00bbdefault\u00bb header_level=\u00bbh1&#8243; header_text_align=\u00bbleft\u00bb header_text_color=\u00bb#FFFFFF\u00bb header_font_size=\u00bb50px\u00bb body_text_align=\u00bbleft\u00bb body_text_color=\u00bb#FFFFFF\u00bb body_font_size=\u00bb24px\u00bb background_enable_color=\u00bboff\u00bb background_image=\u00bbhttps:\/\/westernbuildinggroup.com\/wp-content\/uploads\/2022\/09\/metal-wall-panels-slider1.png\u00bb background_enable_image=\u00bbon\u00bb custom_button=\u00bbon\u00bb button_text_size=\u00bb16px\u00bb button_alignment=\u00bbleft\u00bb text_orientation=\u00bbleft\u00bb hover_enabled=\u00bb0&#8243; header_font_size_tablet=\u00bb30px\u00bb header_font_size_phone=\u00bb24px\u00bb header_font_size_last_edited=\u00bbon|phone\u00bb body_font_size_tablet=\u00bb19px\u00bb body_font_size_phone=\u00bb16px\u00bb body_font_size_last_edited=\u00bbon|phone\u00bb button_text_size_tablet=\u00bb14px\u00bb button_text_size_phone=\u00bb12px\u00bb button_text_size_last_edited=\u00bbon|phone\u00bb global_colors_info=\u00bb{}\u00bb sticky_transition=\u00bbon\u00bb title_text=\u00bbmetal-wall-panels-slider1&#8243; sticky_enabled=\u00bb0&#8243;][\/et_pb_slide][et_pb_slide heading=\u00bbPaneles murales met\u00e1licos\u00bb _builder_version=\u00bb4.24.0&#8243; _module_preset=\u00bbdefault\u00bb header_level=\u00bbh1&#8243; header_text_align=\u00bbleft\u00bb header_text_color=\u00bb#FFFFFF\u00bb header_font_size=\u00bb50px\u00bb body_text_align=\u00bbleft\u00bb body_text_color=\u00bb#FFFFFF\u00bb body_font_size=\u00bb24px\u00bb background_enable_color=\u00bboff\u00bb background_image=\u00bbhttps:\/\/westernbuildinggroup.com\/wp-content\/uploads\/2022\/09\/metal-wall-panels-slider3.png\u00bb background_enable_image=\u00bbon\u00bb custom_button=\u00bbon\u00bb button_text_size=\u00bb16px\u00bb button_alignment=\u00bbleft\u00bb text_orientation=\u00bbleft\u00bb hover_enabled=\u00bb0&#8243; header_font_size_tablet=\u00bb30px\u00bb header_font_size_phone=\u00bb24px\u00bb header_font_size_last_edited=\u00bbon|phone\u00bb body_font_size_tablet=\u00bb19px\u00bb body_font_size_phone=\u00bb16px\u00bb body_font_size_last_edited=\u00bbon|phone\u00bb button_text_size_tablet=\u00bb14px\u00bb button_text_size_phone=\u00bb12px\u00bb button_text_size_last_edited=\u00bbon|phone\u00bb global_colors_info=\u00bb{}\u00bb sticky_transition=\u00bbon\u00bb title_text=\u00bbmetal-wall-panels-slider3&#8243; sticky_enabled=\u00bb0&#8243;][\/et_pb_slide][et_pb_slide heading=\u00bbPaneles murales met\u00e1licos\u00bb _builder_version=\u00bb4.24.0&#8243; _module_preset=\u00bbdefault\u00bb header_level=\u00bbh1&#8243; header_text_align=\u00bbleft\u00bb header_text_color=\u00bb#FFFFFF\u00bb header_font_size=\u00bb50px\u00bb body_text_align=\u00bbleft\u00bb body_text_color=\u00bb#FFFFFF\u00bb body_font_size=\u00bb24px\u00bb background_enable_color=\u00bboff\u00bb background_image=\u00bbhttps:\/\/westernbuildinggroup.com\/wp-content\/uploads\/2022\/09\/metal-wall-panels-slider2.png\u00bb background_enable_image=\u00bbon\u00bb custom_button=\u00bbon\u00bb button_text_size=\u00bb16px\u00bb button_alignment=\u00bbleft\u00bb text_orientation=\u00bbleft\u00bb hover_enabled=\u00bb0&#8243; header_font_size_tablet=\u00bb30px\u00bb header_font_size_phone=\u00bb24px\u00bb header_font_size_last_edited=\u00bbon|phone\u00bb body_font_size_tablet=\u00bb19px\u00bb body_font_size_phone=\u00bb16px\u00bb body_font_size_last_edited=\u00bbon|phone\u00bb button_text_size_tablet=\u00bb14px\u00bb button_text_size_phone=\u00bb12px\u00bb button_text_size_last_edited=\u00bbon|phone\u00bb global_colors_info=\u00bb{}\u00bb sticky_transition=\u00bbon\u00bb title_text=\u00bbmetal-wall-panels-slider2&#8243; sticky_enabled=\u00bb0&#8243;][\/et_pb_slide][\/et_pb_fullwidth_slider][\/et_pb_section][et_pb_section fb_built=\u00bb1&#8243; custom_padding_last_edited=\u00bbon|phone\u00bb module_class=\u00bbint-service\u00bb _builder_version=\u00bb4.17.4&#8243; _module_preset=\u00bbdefault\u00bb background_enable_image=\u00bboff\u00bb custom_padding=\u00bb75px||75px||false|false\u00bb custom_padding_tablet=\u00bb50px||25px||false|false\u00bb custom_padding_phone=\u00bb35px||25px||false|false\u00bb global_colors_info=\u00bb{}\u00bb][et_pb_row column_structure=\u00bb3_5,2_5&#8243; module_class=\u00bbtwo-columns-tablet\u00bb _builder_version=\u00bb4.17.4&#8243; _module_preset=\u00bbdefault\u00bb width_tablet=\u00bb90%\u00bb width_phone=\u00bb90%\u00bb width_last_edited=\u00bbon|phone\u00bb max_width=\u00bb80%\u00bb max_width_tablet=\u00bb90%\u00bb max_width_phone=\u00bb90%\u00bb max_width_last_edited=\u00bbon|phone\u00bb custom_padding=\u00bb0px||0px||false|false\u00bb global_colors_info=\u00bb{}\u00bb][et_pb_column type=\u00bb3_5&#8243; _builder_version=\u00bb4.17.4&#8243; _module_preset=\u00bbdefault\u00bb global_colors_info=\u00bb{}\u00bb][et_pb_text module_class=\u00bbprojects-cta\u00bb _builder_version=\u00bb4.24.0&#8243; _module_preset=\u00bbdefault\u00bb text_text_color=\u00bb#03619B\u00bb text_font_size=\u00bb18px\u00bb header_text_align=\u00bbcenter\u00bb header_font_size=\u00bb32px\u00bb header_2_text_align=\u00bbcenter\u00bb header_2_text_color=\u00bb#FFFFFF\u00bb header_2_font_size=\u00bb32px\u00bb header_3_font=\u00bb|600|on||||||\u00bb header_3_text_align=\u00bbleft\u00bb header_3_text_color=\u00bb#03619B\u00bb header_3_font_size=\u00bb28px\u00bb background_enable_image=\u00bboff\u00bb width_last_edited=\u00bboff|desktop\u00bb max_width_tablet=\u00bbnone\u00bb max_width_phone=\u00bbnone\u00bb max_width_last_edited=\u00bboff|desktop\u00bb custom_margin=\u00bb||40px||false|false\u00bb hover_enabled=\u00bb0&#8243; text_font_size_tablet=\u00bb16px\u00bb text_font_size_phone=\u00bb12px\u00bb text_font_size_last_edited=\u00bbon|tablet\u00bb header_font_size_tablet=\u00bb28px\u00bb header_font_size_phone=\u00bb24px\u00bb header_font_size_last_edited=\u00bbon|phone\u00bb header_2_font_size_tablet=\u00bb28px\u00bb header_2_font_size_phone=\u00bb22px\u00bb header_2_font_size_last_edited=\u00bbon|phone\u00bb header_3_font_size_tablet=\u00bb24px\u00bb header_3_font_size_phone=\u00bb20px\u00bb header_3_font_size_last_edited=\u00bbon|phone\u00bb global_colors_info=\u00bb{}\u00bb sticky_enabled=\u00bb0&#8243;]Los sistemas de paneles de pared met\u00e1licos de una sola capa de Western Building Group son la combinaci\u00f3n perfecta de versatilidad, personalizaci\u00f3n, durabilidad y econom\u00eda. Las posibilidades son infinitas con nuestra amplia variedad de materiales, perfiles, texturas y acabados disponibles. Tanto si desea utilizar nuestras capacidades en el perfilado, el preformado o nuestra extensa red de proveedores, \u00a1estamos aqu\u00ed para convertir su visi\u00f3n en realidad!<\/p>\n<p>Los paneles pueden ser de una sola capa o aislados, y ahorran costes de instalaci\u00f3n gracias a unos requisitos de mano de obra m\u00e1s eficientes. Una vez instalados los paneles, el propietario del edificio puede esperar una vida \u00fatil de 20 a 30 a\u00f1os y, en muchos casos, incluso m\u00e1s. No es de extra\u00f1ar que los paneles met\u00e1licos arquitect\u00f3nicos sean el material exterior comercial m\u00e1s utilizado en la actualidad.<\/p>\n<p>Los plazos de entrega y los costes son m\u00e1s controlables si los paneles son fabricados internamente por artesanos experimentados de WBG. Desde la granja a la mesa, WBG es su socio comercial de confianza.[\/et_pb_text][et_pb_button button_url=\u00bbhttps:\/\/westernbuildinggroup.com\/es\/project_category\/paneles-murales-metalicos\/\u00bb button_text=\u00bbVer proyectos\u00bb button_alignment=\u00bbleft\u00bb _builder_version=\u00bb4.24.0&#8243; _module_preset=\u00bbdefault\u00bb custom_button=\u00bbon\u00bb hover_enabled=\u00bb0&#8243; button_text_size_tablet=\u00bb14px\u00bb button_text_size_phone=\u00bb12px\u00bb button_text_size_last_edited=\u00bbon|phone\u00bb global_colors_info=\u00bb{}\u00bb sticky_enabled=\u00bb0&#8243;][\/et_pb_button][\/et_pb_column][et_pb_column type=\u00bb2_5&#8243; _builder_version=\u00bb4.17.4&#8243; _module_preset=\u00bbdefault\u00bb global_colors_info=\u00bb{}\u00bb][et_pb_image src=\u00bbhttps:\/\/westernbuildinggroup.com\/wp-content\/uploads\/2022\/09\/metal-wall-panels.png\u00bb title_text=\u00bbpaneles murales met\u00e1licos\u00bb align=\u00bbright\u00bb _builder_version=\u00bb4.24.0&#8243; _module_preset=\u00bbdefault\u00bb hover_enabled=\u00bb0&#8243; global_colors_info=\u00bb{}\u00bb sticky_enabled=\u00bb0&#8243;][\/et_pb_image][\/et_pb_column][\/et_pb_row][\/et_pb_section]<\/p>\n","protected":false},"excerpt":{"rendered":"<p>Los sistemas de paneles de pared met\u00e1licos de una sola capa de Western Building Group son la combinaci\u00f3n perfecta de versatilidad, personalizaci\u00f3n, durabilidad y econom\u00eda. Las posibilidades son infinitas con nuestra amplia variedad de materiales, perfiles, texturas y acabados disponibles. Tanto si desea utilizar nuestras capacidades en el perfilado, el preformado o nuestra extensa red [&hellip;]<\/p>\n","protected":false},"author":11,"featured_media":4531,"parent":4584,"menu_order":0,"comment_status":"closed","ping_status":"closed","template":"","meta":{"_et_pb_use_builder":"on","_et_pb_old_content":"","_et_gb_content_width":"","footnotes":""},"class_list":["post-4580","page","type-page","status-publish","has-post-thumbnail","hentry"],"acf":[],"yoast_head":"<!-- This site is optimized with the Yoast SEO plugin v27.4 - https:\/\/yoast.com\/product\/yoast-seo-wordpress\/ -->\n<title>Paneles murales met\u00e1licos - Western Building Group<\/title>\n<meta name=\"robots\" content=\"index, follow, max-snippet:-1, max-image-preview:large, max-video-preview:-1\" \/>\n<link rel=\"canonical\" href=\"https:\/\/westernbuildinggroup.com\/es\/servicios\/paneles-murales-metalicos\/\" \/>\n<meta property=\"og:locale\" content=\"es_ES\" \/>\n<meta property=\"og:type\" content=\"article\" \/>\n<meta property=\"og:title\" content=\"Paneles murales met\u00e1licos - Western Building Group\" \/>\n<meta property=\"og:description\" content=\"Los sistemas de paneles de pared met\u00e1licos de una sola capa de Western Building Group son la combinaci\u00f3n perfecta de versatilidad, personalizaci\u00f3n, durabilidad y econom\u00eda. Las posibilidades son infinitas con nuestra amplia variedad de materiales, perfiles, texturas y acabados disponibles. Tanto si desea utilizar nuestras capacidades en el perfilado, el preformado o nuestra extensa red [&hellip;]\" \/>\n<meta property=\"og:url\" content=\"https:\/\/westernbuildinggroup.com\/es\/servicios\/paneles-murales-metalicos\/\" \/>\n<meta property=\"og:site_name\" content=\"Western Building Group\" \/>\n<meta property=\"article:modified_time\" content=\"2025-09-24T15:53:56+00:00\" \/>\n<meta property=\"og:image\" content=\"https:\/\/westernbuildinggroup.com\/wp-content\/uploads\/2022\/07\/IMG_4886.jpeg\" \/>\n\t<meta property=\"og:image:width\" content=\"2048\" \/>\n\t<meta property=\"og:image:height\" content=\"1536\" \/>\n\t<meta property=\"og:image:type\" content=\"image\/jpeg\" \/>\n<meta name=\"twitter:card\" content=\"summary_large_image\" \/>\n<meta name=\"twitter:label1\" content=\"Tiempo de lectura\" \/>\n\t<meta name=\"twitter:data1\" content=\"5 minutos\" \/>\n<script type=\"application\/ld+json\" class=\"yoast-schema-graph\">{\"@context\":\"https:\\\/\\\/schema.org\",\"@graph\":[{\"@type\":\"WebPage\",\"@id\":\"https:\\\/\\\/westernbuildinggroup.com\\\/es\\\/servicios\\\/paneles-murales-metalicos\\\/\",\"url\":\"https:\\\/\\\/westernbuildinggroup.com\\\/es\\\/servicios\\\/paneles-murales-metalicos\\\/\",\"name\":\"Paneles murales met\u00e1licos - Western Building Group\",\"isPartOf\":{\"@id\":\"https:\\\/\\\/westernbuildinggroup.com\\\/es\\\/#website\"},\"primaryImageOfPage\":{\"@id\":\"https:\\\/\\\/westernbuildinggroup.com\\\/es\\\/servicios\\\/paneles-murales-metalicos\\\/#primaryimage\"},\"image\":{\"@id\":\"https:\\\/\\\/westernbuildinggroup.com\\\/es\\\/servicios\\\/paneles-murales-metalicos\\\/#primaryimage\"},\"thumbnailUrl\":\"https:\\\/\\\/westernbuildinggroup.com\\\/wp-content\\\/uploads\\\/2022\\\/07\\\/IMG_4886.jpeg\",\"datePublished\":\"2022-05-19T16:03:23+00:00\",\"dateModified\":\"2025-09-24T15:53:56+00:00\",\"breadcrumb\":{\"@id\":\"https:\\\/\\\/westernbuildinggroup.com\\\/es\\\/servicios\\\/paneles-murales-metalicos\\\/#breadcrumb\"},\"inLanguage\":\"es\",\"potentialAction\":[{\"@type\":\"ReadAction\",\"target\":[\"https:\\\/\\\/westernbuildinggroup.com\\\/es\\\/servicios\\\/paneles-murales-metalicos\\\/\"]}]},{\"@type\":\"ImageObject\",\"inLanguage\":\"es\",\"@id\":\"https:\\\/\\\/westernbuildinggroup.com\\\/es\\\/servicios\\\/paneles-murales-metalicos\\\/#primaryimage\",\"url\":\"https:\\\/\\\/westernbuildinggroup.com\\\/wp-content\\\/uploads\\\/2022\\\/07\\\/IMG_4886.jpeg\",\"contentUrl\":\"https:\\\/\\\/westernbuildinggroup.com\\\/wp-content\\\/uploads\\\/2022\\\/07\\\/IMG_4886.jpeg\",\"width\":2048,\"height\":1536},{\"@type\":\"BreadcrumbList\",\"@id\":\"https:\\\/\\\/westernbuildinggroup.com\\\/es\\\/servicios\\\/paneles-murales-metalicos\\\/#breadcrumb\",\"itemListElement\":[{\"@type\":\"ListItem\",\"position\":1,\"name\":\"Home\",\"item\":\"https:\\\/\\\/westernbuildinggroup.com\\\/es\\\/inicio\\\/\"},{\"@type\":\"ListItem\",\"position\":2,\"name\":\"Servicios\",\"item\":\"https:\\\/\\\/westernbuildinggroup.com\\\/es\\\/servicios\\\/\"},{\"@type\":\"ListItem\",\"position\":3,\"name\":\"Paneles murales met\u00e1licos\"}]},{\"@type\":\"WebSite\",\"@id\":\"https:\\\/\\\/westernbuildinggroup.com\\\/es\\\/#website\",\"url\":\"https:\\\/\\\/westernbuildinggroup.com\\\/es\\\/\",\"name\":\"Western Building Group\",\"description\":\"\",\"potentialAction\":[{\"@type\":\"SearchAction\",\"target\":{\"@type\":\"EntryPoint\",\"urlTemplate\":\"https:\\\/\\\/westernbuildinggroup.com\\\/es\\\/?s={search_term_string}\"},\"query-input\":{\"@type\":\"PropertyValueSpecification\",\"valueRequired\":true,\"valueName\":\"search_term_string\"}}],\"inLanguage\":\"es\"}]}<\/script>\n<!-- \/ Yoast SEO plugin. -->","yoast_head_json":{"title":"Paneles murales met\u00e1licos - Western Building Group","robots":{"index":"index","follow":"follow","max-snippet":"max-snippet:-1","max-image-preview":"max-image-preview:large","max-video-preview":"max-video-preview:-1"},"canonical":"https:\/\/westernbuildinggroup.com\/es\/servicios\/paneles-murales-metalicos\/","og_locale":"es_ES","og_type":"article","og_title":"Paneles murales met\u00e1licos - Western Building Group","og_description":"Los sistemas de paneles de pared met\u00e1licos de una sola capa de Western Building Group son la combinaci\u00f3n perfecta de versatilidad, personalizaci\u00f3n, durabilidad y econom\u00eda. Las posibilidades son infinitas con nuestra amplia variedad de materiales, perfiles, texturas y acabados disponibles. Tanto si desea utilizar nuestras capacidades en el perfilado, el preformado o nuestra extensa red [&hellip;]","og_url":"https:\/\/westernbuildinggroup.com\/es\/servicios\/paneles-murales-metalicos\/","og_site_name":"Western Building Group","article_modified_time":"2025-09-24T15:53:56+00:00","og_image":[{"width":2048,"height":1536,"url":"https:\/\/westernbuildinggroup.com\/wp-content\/uploads\/2022\/07\/IMG_4886.jpeg","type":"image\/jpeg"}],"twitter_card":"summary_large_image","twitter_misc":{"Tiempo de lectura":"5 minutos"},"schema":{"@context":"https:\/\/schema.org","@graph":[{"@type":"WebPage","@id":"https:\/\/westernbuildinggroup.com\/es\/servicios\/paneles-murales-metalicos\/","url":"https:\/\/westernbuildinggroup.com\/es\/servicios\/paneles-murales-metalicos\/","name":"Paneles murales met\u00e1licos - Western Building Group","isPartOf":{"@id":"https:\/\/westernbuildinggroup.com\/es\/#website"},"primaryImageOfPage":{"@id":"https:\/\/westernbuildinggroup.com\/es\/servicios\/paneles-murales-metalicos\/#primaryimage"},"image":{"@id":"https:\/\/westernbuildinggroup.com\/es\/servicios\/paneles-murales-metalicos\/#primaryimage"},"thumbnailUrl":"https:\/\/westernbuildinggroup.com\/wp-content\/uploads\/2022\/07\/IMG_4886.jpeg","datePublished":"2022-05-19T16:03:23+00:00","dateModified":"2025-09-24T15:53:56+00:00","breadcrumb":{"@id":"https:\/\/westernbuildinggroup.com\/es\/servicios\/paneles-murales-metalicos\/#breadcrumb"},"inLanguage":"es","potentialAction":[{"@type":"ReadAction","target":["https:\/\/westernbuildinggroup.com\/es\/servicios\/paneles-murales-metalicos\/"]}]},{"@type":"ImageObject","inLanguage":"es","@id":"https:\/\/westernbuildinggroup.com\/es\/servicios\/paneles-murales-metalicos\/#primaryimage","url":"https:\/\/westernbuildinggroup.com\/wp-content\/uploads\/2022\/07\/IMG_4886.jpeg","contentUrl":"https:\/\/westernbuildinggroup.com\/wp-content\/uploads\/2022\/07\/IMG_4886.jpeg","width":2048,"height":1536},{"@type":"BreadcrumbList","@id":"https:\/\/westernbuildinggroup.com\/es\/servicios\/paneles-murales-metalicos\/#breadcrumb","itemListElement":[{"@type":"ListItem","position":1,"name":"Home","item":"https:\/\/westernbuildinggroup.com\/es\/inicio\/"},{"@type":"ListItem","position":2,"name":"Servicios","item":"https:\/\/westernbuildinggroup.com\/es\/servicios\/"},{"@type":"ListItem","position":3,"name":"Paneles murales met\u00e1licos"}]},{"@type":"WebSite","@id":"https:\/\/westernbuildinggroup.com\/es\/#website","url":"https:\/\/westernbuildinggroup.com\/es\/","name":"Western Building Group","description":"","potentialAction":[{"@type":"SearchAction","target":{"@type":"EntryPoint","urlTemplate":"https:\/\/westernbuildinggroup.com\/es\/?s={search_term_string}"},"query-input":{"@type":"PropertyValueSpecification","valueRequired":true,"valueName":"search_term_string"}}],"inLanguage":"es"}]}},"_links":{"self":[{"href":"https:\/\/westernbuildinggroup.com\/es\/wp-json\/wp\/v2\/pages\/4580","targetHints":{"allow":["GET"]}}],"collection":[{"href":"https:\/\/westernbuildinggroup.com\/es\/wp-json\/wp\/v2\/pages"}],"about":[{"href":"https:\/\/westernbuildinggroup.com\/es\/wp-json\/wp\/v2\/types\/page"}],"author":[{"embeddable":true,"href":"https:\/\/westernbuildinggroup.com\/es\/wp-json\/wp\/v2\/users\/11"}],"replies":[{"embeddable":true,"href":"https:\/\/westernbuildinggroup.com\/es\/wp-json\/wp\/v2\/comments?post=4580"}],"version-history":[{"count":0,"href":"https:\/\/westernbuildinggroup.com\/es\/wp-json\/wp\/v2\/pages\/4580\/revisions"}],"up":[{"embeddable":true,"href":"https:\/\/westernbuildinggroup.com\/es\/wp-json\/wp\/v2\/pages\/4584"}],"wp:featuredmedia":[{"embeddable":true,"href":"https:\/\/westernbuildinggroup.com\/es\/wp-json\/wp\/v2\/media\/4531"}],"wp:attachment":[{"href":"https:\/\/westernbuildinggroup.com\/es\/wp-json\/wp\/v2\/media?parent=4580"}],"curies":[{"name":"wp","href":"https:\/\/api.w.org\/{rel}","templated":true}]}}